{"id":1401,"date":"2025-04-16T17:04:39","date_gmt":"2025-04-16T15:04:39","guid":{"rendered":"https:\/\/badhaus.it\/legal-notice\/"},"modified":"2025-09-22T11:23:25","modified_gmt":"2025-09-22T09:23:25","slug":"legal-notice","status":"publish","type":"page","link":"https:\/\/staging.badhaus.it\/en\/legal-notice\/","title":{"rendered":"Legal notice"},"content":{"rendered":"\t\t<div data-elementor-type=\"wp-page\" data-elementor-id=\"1401\" class=\"elementor elementor-1401 elementor-545\" data-elementor-post-type=\"page\">\n\t\t\t\t<div class=\"elementor-element elementor-element-8310318 e-flex e-con-boxed e-con e-parent\" data-id=\"8310318\" data-element_type=\"container\">\n\t\t\t\t\t<div class=\"e-con-inner\">\n\t\t<div class=\"elementor-element elementor-element-1d5fc2b e-con-full animated-slow e-flex elementor-invisible e-con e-child\" data-id=\"1d5fc2b\" data-element_type=\"container\" data-settings=\"{&quot;animation&quot;:&quot;fadeIn&quot;}\">\n\t\t\t\t<div class=\"elementor-element elementor-element-47bed92 elementor-widget elementor-widget-heading\" data-id=\"47bed92\" data-element_type=\"widget\" data-widget_type=\"heading.default\">\n\t\t\t\t\t<h2 class=\"elementor-heading-title elementor-size-default\">Contact<\/h2>\t\t\t\t<\/div>\n\t\t\t\t<div class=\"elementor-element elementor-element-ad4b572 elementor-widget elementor-widget-text-editor\" data-id=\"ad4b572\" data-element_type=\"widget\" data-widget_type=\"text-editor.default\">\n\t\t\t\t\t\t\t\t\t<p><strong>Boutique Hotel Badhaus ****<\/strong><\/p>\n<p>Adlerbr\u00fcckengasse 5<br \/>39042 BRIXEN<br \/><a href=\"mailto:info@badhaus.it\">info@badhaus.it<\/a><br \/><a href=\"tel:+390472940575\">+39 0472 940575<\/a><\/p>\n\t\t\t\t\t\t\t\t<\/div>\n\t\t\t\t<\/div>\n\t\t<div class=\"elementor-element elementor-element-85c6dd7 e-con-full animated-slow e-flex elementor-invisible e-con e-child\" data-id=\"85c6dd7\" data-element_type=\"container\" data-settings=\"{&quot;animation&quot;:&quot;fadeIn&quot;}\">\n\t\t\t\t<div class=\"elementor-element elementor-element-0a79dcd elementor-widget elementor-widget-heading\" data-id=\"0a79dcd\" data-element_type=\"widget\" data-widget_type=\"heading.default\">\n\t\t\t\t\t<h2 class=\"elementor-heading-title elementor-size-default\">Company<\/h2>\t\t\t\t<\/div>\n\t\t\t\t<div class=\"elementor-element elementor-element-2d85374 elementor-widget elementor-widget-text-editor\" data-id=\"2d85374\" data-element_type=\"widget\" data-widget_type=\"text-editor.default\">\n\t\t\t\t\t\t\t\t\t<p><strong>Responsible for the content:<\/strong><\/p>\n<p>Viertel Group GmbH<\/p>\n<p>Adlerbr\u00fcckengasse 3<br \/>I-39042 Brixen (BZ)<br \/>Mwst. Nr.: 02863820219<br \/>Empf\u00e4ngercodex: M5UXCR1<br \/>CIN (Badhaus): IT021011A19BQZV6EK<\/p>\n\t\t\t\t\t\t\t\t<\/div>\n\t\t\t\t<\/div>\n\t\t<div class=\"elementor-element elementor-element-50e0620 e-con-full animated-slow e-flex elementor-invisible e-con e-child\" data-id=\"50e0620\" data-element_type=\"container\" data-settings=\"{&quot;animation&quot;:&quot;fadeIn&quot;}\">\n\t\t\t\t<div class=\"elementor-element elementor-element-a9e16a8 elementor-widget elementor-widget-heading\" data-id=\"a9e16a8\" data-element_type=\"widget\" data-widget_type=\"heading.default\">\n\t\t\t\t\t<h2 class=\"elementor-heading-title elementor-size-default\">Image rights<\/h2>\t\t\t\t<\/div>\n\t\t\t\t<div class=\"elementor-element elementor-element-009721f elementor-widget elementor-widget-text-editor\" data-id=\"009721f\" data-element_type=\"widget\" data-widget_type=\"text-editor.default\">\n\t\t\t\t\t\t\t\t\t<p>\u00a9 Gustav Willeit<br \/>\u00a9 Viertel Group GmbH<br \/>\u00a9 Frei und Zeit<br \/>\u00a9 Brixen Tourismus_Michael Pezzei<br \/>\u00a9 Acquarena_Helmuth Rier<br \/>\u00a9 Brixen Tourismus_Philipp Santifaller<br \/>\u00a9 Brixen Tourismus_Argento Artistry<br \/>\u00a9 Brixen-Tourismus_Michael-Pezzei<br \/>\u00a9 Brixen-Tourismus_Kottersteger<br \/>\u00a9 Brixen-Tourismus_Andreas-Tauber<br \/>\u00a9 IDM-Su\u0308dtirol_Alex-Filz<\/p>\n\t\t\t\t\t\t\t\t<\/div>\n\t\t\t\t<\/div>\n\t\t<div class=\"elementor-element elementor-element-fc2ef22 e-con-full animated-slow e-flex elementor-invisible e-con e-child\" data-id=\"fc2ef22\" data-element_type=\"container\" data-settings=\"{&quot;animation&quot;:&quot;fadeIn&quot;}\">\n\t\t\t\t<div class=\"elementor-element elementor-element-f9ebe7d elementor-widget elementor-widget-heading\" data-id=\"f9ebe7d\" data-element_type=\"widget\" data-widget_type=\"heading.default\">\n\t\t\t\t\t<h2 class=\"elementor-heading-title elementor-size-default\">Concept, design and programming<\/h2>\t\t\t\t<\/div>\n\t\t\t\t<div class=\"elementor-element elementor-element-119b982 elementor-widget elementor-widget-text-editor\" data-id=\"119b982\" data-element_type=\"widget\" data-widget_type=\"text-editor.default\">\n\t\t\t\t\t\t\t\t\t<p><a href=\"https:\/\/freiundzeit.it\/\" target=\"_blank\" rel=\"noopener\" data-cmp-ab=\"2\">Frei und Zeit, Brixen<\/a><\/p>\n\t\t\t\t\t\t\t\t<\/div>\n\t\t\t\t<\/div>\n\t\t<div class=\"elementor-element elementor-element-cebc972 e-con-full animated-slow e-flex elementor-invisible e-con e-child\" data-id=\"cebc972\" data-element_type=\"container\" data-settings=\"{&quot;animation&quot;:&quot;fadeIn&quot;}\">\n\t\t\t\t<div class=\"elementor-element elementor-element-fa7450f elementor-widget elementor-widget-heading\" data-id=\"fa7450f\" data-element_type=\"widget\" data-widget_type=\"heading.default\">\n\t\t\t\t\t<h2 class=\"elementor-heading-title elementor-size-default\">PR<\/h2>\t\t\t\t<\/div>\n\t\t\t\t<div class=\"elementor-element elementor-element-e97353b elementor-widget elementor-widget-text-editor\" data-id=\"e97353b\" data-element_type=\"widget\" data-widget_type=\"text-editor.default\">\n\t\t\t\t\t\t\t\t\t<p><a href=\"https:\/\/tn-hotelconsulting.com\/\" target=\"_blank\" rel=\"noopener\" data-cmp-ab=\"2\">TN-Consulting<\/a><\/p>\n\t\t\t\t\t\t\t\t<\/div>\n\t\t\t\t<\/div>\n\t\t<div class=\"elementor-element elementor-element-a896692 e-con-full animated-slow e-flex elementor-invisible e-con e-child\" data-id=\"a896692\" data-element_type=\"container\" data-settings=\"{&quot;animation&quot;:&quot;fadeIn&quot;}\">\n\t\t\t\t<div class=\"elementor-element elementor-element-e9f3e92 elementor-widget elementor-widget-heading\" data-id=\"e9f3e92\" data-element_type=\"widget\" data-widget_type=\"heading.default\">\n\t\t\t\t\t<h2 class=\"elementor-heading-title elementor-size-default\">Digital Marketing &amp; Marketing Automation for Hotels<\/h2>\t\t\t\t<\/div>\n\t\t\t\t<div class=\"elementor-element elementor-element-9c2c25b elementor-widget elementor-widget-text-editor\" data-id=\"9c2c25b\" data-element_type=\"widget\" data-widget_type=\"text-editor.default\">\n\t\t\t\t\t\t\t\t\t<p><a href=\"https:\/\/www.additive.eu\/\" target=\"_blank\" rel=\"noopener\" data-cmp-ab=\"2\">Additive GmbH<\/a><\/p>\n\t\t\t\t\t\t\t\t<\/div>\n\t\t\t\t<\/div>\n\t\t<div class=\"elementor-element elementor-element-f34fd42 e-con-full animated-slow e-flex elementor-invisible e-con e-child\" data-id=\"f34fd42\" data-element_type=\"container\" data-settings=\"{&quot;animation&quot;:&quot;fadeIn&quot;}\">\n\t\t\t\t<div class=\"elementor-element elementor-element-4625a19 elementor-widget elementor-widget-heading\" data-id=\"4625a19\" data-element_type=\"widget\" data-widget_type=\"heading.default\">\n\t\t\t\t\t<h2 class=\"elementor-heading-title elementor-size-default\">Notes<\/h2>\t\t\t\t<\/div>\n\t\t\t\t<div class=\"elementor-element elementor-element-ed3decb elementor-widget elementor-widget-text-editor\" data-id=\"ed3decb\" data-element_type=\"widget\" data-widget_type=\"text-editor.default\">\n\t\t\t\t\t\t\t\t\t<p>All content published on this website has been carefully checked by us. No liability or guarantee for the correctness and completeness of the content can be assumed. The same applies to all websites that can be reached via hyperlinks. We are not responsible for the content of these hyperlinked pages. We reserve the right to update, change and add to the content of the website.<\/p>\n\t\t\t\t\t\t\t\t<\/div>\n\t\t\t\t<\/div>\n\t\t\t\t\t<\/div>\n\t\t\t\t<\/div>\n\t\t\t\t<\/div>\n\t\t","protected":false},"excerpt":{"rendered":"<p>Contact Boutique Hotel Badhaus **** Adlerbr\u00fcckengasse 539042 BRIXENinfo@badhaus.it+39 0472 940575 Company Responsible for the content: Viertel Group GmbH Adlerbr\u00fcckengasse 3I-39042 Brixen (BZ)Mwst. Nr.: 02863820219Empf\u00e4ngercodex: M5UXCR1CIN (Badhaus): IT021011A19BQZV6EK Image rights \u00a9 Gustav Willeit\u00a9 Viertel Group GmbH\u00a9 Frei und Zeit\u00a9 Brixen Tourismus_Michael Pezzei\u00a9 Acquarena_Helmuth Rier\u00a9 Brixen Tourismus_Philipp Santifaller\u00a9 Brixen Tourismus_Argento Artistry\u00a9 Brixen-Tourismus_Michael-Pezzei\u00a9 Brixen-Tourismus_Kottersteger\u00a9 Brixen-Tourismus_Andreas-Tauber\u00a9 IDM-Su\u0308dtirol_Alex-Filz Concept, design [&hellip;]<\/p>\n","protected":false},"author":1,"featured_media":1121,"parent":0,"menu_order":0,"comment_status":"closed","ping_status":"closed","template":"","meta":{"_acf_changed":false,"footnotes":""},"class_list":["post-1401","page","type-page","status-publish","has-post-thumbnail","hentry"],"acf":[],"yoast_head":"<!-- This site is optimized with the Yoast SEO plugin v26.5 - https:\/\/yoast.com\/wordpress\/plugins\/seo\/ -->\n<title>Legal notice - Boutique Hotel Badhaus<\/title>\n<meta name=\"robots\" content=\"noindex, follow, max-snippet:-1, max-image-preview:large, max-video-preview:-1\" \/>\n<meta property=\"og:locale\" content=\"en_US\" \/>\n<meta property=\"og:type\" content=\"article\" \/>\n<meta property=\"og:title\" content=\"Legal notice - Boutique Hotel Badhaus\" \/>\n<meta property=\"og:description\" content=\"Contact Boutique Hotel Badhaus **** Adlerbr\u00fcckengasse 539042 BRIXENinfo@badhaus.it+39 0472 940575 Company Responsible for the content: Viertel Group GmbH Adlerbr\u00fcckengasse 3I-39042 Brixen (BZ)Mwst. Nr.: 02863820219Empf\u00e4ngercodex: M5UXCR1CIN (Badhaus): IT021011A19BQZV6EK Image rights \u00a9 Gustav Willeit\u00a9 Viertel Group GmbH\u00a9 Frei und Zeit\u00a9 Brixen Tourismus_Michael Pezzei\u00a9 Acquarena_Helmuth Rier\u00a9 Brixen Tourismus_Philipp Santifaller\u00a9 Brixen Tourismus_Argento Artistry\u00a9 Brixen-Tourismus_Michael-Pezzei\u00a9 Brixen-Tourismus_Kottersteger\u00a9 Brixen-Tourismus_Andreas-Tauber\u00a9 IDM-Su\u0308dtirol_Alex-Filz Concept, design [&hellip;]\" \/>\n<meta property=\"og:url\" content=\"https:\/\/staging.badhaus.it\/en\/legal-notice\/\" \/>\n<meta property=\"og:site_name\" content=\"Boutique Hotel Badhaus\" \/>\n<meta property=\"article:modified_time\" content=\"2025-09-22T09:23:25+00:00\" \/>\n<meta property=\"og:image\" content=\"https:\/\/staging.badhaus.it\/wp-content\/uploads\/2025\/04\/K2A3578-web-\u00a9freiundzeit.jpg\" \/>\n\t<meta property=\"og:image:width\" content=\"2048\" \/>\n\t<meta property=\"og:image:height\" content=\"1366\" \/>\n\t<meta property=\"og:image:type\" content=\"image\/jpeg\" \/>\n<meta name=\"twitter:card\" content=\"summary_large_image\" \/>\n<meta name=\"twitter:label1\" content=\"Est. reading time\" \/>\n\t<meta name=\"twitter:data1\" content=\"1 minute\" \/>\n<script type=\"application\/ld+json\" class=\"yoast-schema-graph\">{\"@context\":\"https:\/\/schema.org\",\"@graph\":[{\"@type\":\"WebPage\",\"@id\":\"https:\/\/staging.badhaus.it\/en\/legal-notice\/\",\"url\":\"https:\/\/staging.badhaus.it\/en\/legal-notice\/\",\"name\":\"Legal notice - Boutique Hotel Badhaus\",\"isPartOf\":{\"@id\":\"https:\/\/staging.badhaus.it\/en\/#website\"},\"primaryImageOfPage\":{\"@id\":\"https:\/\/staging.badhaus.it\/en\/legal-notice\/#primaryimage\"},\"image\":{\"@id\":\"https:\/\/staging.badhaus.it\/en\/legal-notice\/#primaryimage\"},\"thumbnailUrl\":\"https:\/\/staging.badhaus.it\/wp-content\/uploads\/2025\/04\/K2A3578-web-\u00a9freiundzeit.jpg\",\"datePublished\":\"2025-04-16T15:04:39+00:00\",\"dateModified\":\"2025-09-22T09:23:25+00:00\",\"breadcrumb\":{\"@id\":\"https:\/\/staging.badhaus.it\/en\/legal-notice\/#breadcrumb\"},\"inLanguage\":\"en-US\",\"potentialAction\":[{\"@type\":\"ReadAction\",\"target\":[\"https:\/\/staging.badhaus.it\/en\/legal-notice\/\"]}]},{\"@type\":\"ImageObject\",\"inLanguage\":\"en-US\",\"@id\":\"https:\/\/staging.badhaus.it\/en\/legal-notice\/#primaryimage\",\"url\":\"https:\/\/staging.badhaus.it\/wp-content\/uploads\/2025\/04\/K2A3578-web-\u00a9freiundzeit.jpg\",\"contentUrl\":\"https:\/\/staging.badhaus.it\/wp-content\/uploads\/2025\/04\/K2A3578-web-\u00a9freiundzeit.jpg\",\"width\":2048,\"height\":1366,\"caption\":\"Das 4 Sterne Boutique Hotel Badhaus im Zentrum von Brixen in S\u00fcdtirol mit seiner aussergew\u00f6hnlichen Fassade und modernen Architektur von Innenhof aus betrachtet.\"},{\"@type\":\"BreadcrumbList\",\"@id\":\"https:\/\/staging.badhaus.it\/en\/legal-notice\/#breadcrumb\",\"itemListElement\":[{\"@type\":\"ListItem\",\"position\":1,\"name\":\"Home\",\"item\":\"https:\/\/staging.badhaus.it\/en\/\"},{\"@type\":\"ListItem\",\"position\":2,\"name\":\"Legal notice\"}]},{\"@type\":\"WebSite\",\"@id\":\"https:\/\/staging.badhaus.it\/en\/#website\",\"url\":\"https:\/\/staging.badhaus.it\/en\/\",\"name\":\"Boutique Hotel Badhaus\",\"description\":\"\",\"publisher\":{\"@id\":\"https:\/\/staging.badhaus.it\/en\/#organization\"},\"potentialAction\":[{\"@type\":\"SearchAction\",\"target\":{\"@type\":\"EntryPoint\",\"urlTemplate\":\"https:\/\/staging.badhaus.it\/en\/?s={search_term_string}\"},\"query-input\":{\"@type\":\"PropertyValueSpecification\",\"valueRequired\":true,\"valueName\":\"search_term_string\"}}],\"inLanguage\":\"en-US\"},{\"@type\":\"Organization\",\"@id\":\"https:\/\/staging.badhaus.it\/en\/#organization\",\"name\":\"Boutique Hotel Badhaus\",\"url\":\"https:\/\/staging.badhaus.it\/en\/\",\"logo\":{\"@type\":\"ImageObject\",\"inLanguage\":\"en-US\",\"@id\":\"https:\/\/staging.badhaus.it\/en\/#\/schema\/logo\/image\/\",\"url\":\"https:\/\/staging.badhaus.it\/wp-content\/uploads\/2025\/04\/bh-logo-white-horizontal.svg\",\"contentUrl\":\"https:\/\/staging.badhaus.it\/wp-content\/uploads\/2025\/04\/bh-logo-white-horizontal.svg\",\"width\":229,\"height\":29,\"caption\":\"Boutique Hotel Badhaus\"},\"image\":{\"@id\":\"https:\/\/staging.badhaus.it\/en\/#\/schema\/logo\/image\/\"}}]}<\/script>\n<!-- \/ Yoast SEO plugin. -->","yoast_head_json":{"title":"Legal notice - Boutique Hotel Badhaus","robots":{"index":"noindex","follow":"follow","max-snippet":"max-snippet:-1","max-image-preview":"max-image-preview:large","max-video-preview":"max-video-preview:-1"},"og_locale":"en_US","og_type":"article","og_title":"Legal notice - Boutique Hotel Badhaus","og_description":"Contact Boutique Hotel Badhaus **** Adlerbr\u00fcckengasse 539042 BRIXENinfo@badhaus.it+39 0472 940575 Company Responsible for the content: Viertel Group GmbH Adlerbr\u00fcckengasse 3I-39042 Brixen (BZ)Mwst. Nr.: 02863820219Empf\u00e4ngercodex: M5UXCR1CIN (Badhaus): IT021011A19BQZV6EK Image rights \u00a9 Gustav Willeit\u00a9 Viertel Group GmbH\u00a9 Frei und Zeit\u00a9 Brixen Tourismus_Michael Pezzei\u00a9 Acquarena_Helmuth Rier\u00a9 Brixen Tourismus_Philipp Santifaller\u00a9 Brixen Tourismus_Argento Artistry\u00a9 Brixen-Tourismus_Michael-Pezzei\u00a9 Brixen-Tourismus_Kottersteger\u00a9 Brixen-Tourismus_Andreas-Tauber\u00a9 IDM-Su\u0308dtirol_Alex-Filz Concept, design [&hellip;]","og_url":"https:\/\/staging.badhaus.it\/en\/legal-notice\/","og_site_name":"Boutique Hotel Badhaus","article_modified_time":"2025-09-22T09:23:25+00:00","og_image":[{"width":2048,"height":1366,"url":"https:\/\/staging.badhaus.it\/wp-content\/uploads\/2025\/04\/K2A3578-web-\u00a9freiundzeit.jpg","type":"image\/jpeg"}],"twitter_card":"summary_large_image","twitter_misc":{"Est. reading time":"1 minute"},"schema":{"@context":"https:\/\/schema.org","@graph":[{"@type":"WebPage","@id":"https:\/\/staging.badhaus.it\/en\/legal-notice\/","url":"https:\/\/staging.badhaus.it\/en\/legal-notice\/","name":"Legal notice - Boutique Hotel Badhaus","isPartOf":{"@id":"https:\/\/staging.badhaus.it\/en\/#website"},"primaryImageOfPage":{"@id":"https:\/\/staging.badhaus.it\/en\/legal-notice\/#primaryimage"},"image":{"@id":"https:\/\/staging.badhaus.it\/en\/legal-notice\/#primaryimage"},"thumbnailUrl":"https:\/\/staging.badhaus.it\/wp-content\/uploads\/2025\/04\/K2A3578-web-\u00a9freiundzeit.jpg","datePublished":"2025-04-16T15:04:39+00:00","dateModified":"2025-09-22T09:23:25+00:00","breadcrumb":{"@id":"https:\/\/staging.badhaus.it\/en\/legal-notice\/#breadcrumb"},"inLanguage":"en-US","potentialAction":[{"@type":"ReadAction","target":["https:\/\/staging.badhaus.it\/en\/legal-notice\/"]}]},{"@type":"ImageObject","inLanguage":"en-US","@id":"https:\/\/staging.badhaus.it\/en\/legal-notice\/#primaryimage","url":"https:\/\/staging.badhaus.it\/wp-content\/uploads\/2025\/04\/K2A3578-web-\u00a9freiundzeit.jpg","contentUrl":"https:\/\/staging.badhaus.it\/wp-content\/uploads\/2025\/04\/K2A3578-web-\u00a9freiundzeit.jpg","width":2048,"height":1366,"caption":"Das 4 Sterne Boutique Hotel Badhaus im Zentrum von Brixen in S\u00fcdtirol mit seiner aussergew\u00f6hnlichen Fassade und modernen Architektur von Innenhof aus betrachtet."},{"@type":"BreadcrumbList","@id":"https:\/\/staging.badhaus.it\/en\/legal-notice\/#breadcrumb","itemListElement":[{"@type":"ListItem","position":1,"name":"Home","item":"https:\/\/staging.badhaus.it\/en\/"},{"@type":"ListItem","position":2,"name":"Legal notice"}]},{"@type":"WebSite","@id":"https:\/\/staging.badhaus.it\/en\/#website","url":"https:\/\/staging.badhaus.it\/en\/","name":"Boutique Hotel Badhaus","description":"","publisher":{"@id":"https:\/\/staging.badhaus.it\/en\/#organization"},"potentialAction":[{"@type":"SearchAction","target":{"@type":"EntryPoint","urlTemplate":"https:\/\/staging.badhaus.it\/en\/?s={search_term_string}"},"query-input":{"@type":"PropertyValueSpecification","valueRequired":true,"valueName":"search_term_string"}}],"inLanguage":"en-US"},{"@type":"Organization","@id":"https:\/\/staging.badhaus.it\/en\/#organization","name":"Boutique Hotel Badhaus","url":"https:\/\/staging.badhaus.it\/en\/","logo":{"@type":"ImageObject","inLanguage":"en-US","@id":"https:\/\/staging.badhaus.it\/en\/#\/schema\/logo\/image\/","url":"https:\/\/staging.badhaus.it\/wp-content\/uploads\/2025\/04\/bh-logo-white-horizontal.svg","contentUrl":"https:\/\/staging.badhaus.it\/wp-content\/uploads\/2025\/04\/bh-logo-white-horizontal.svg","width":229,"height":29,"caption":"Boutique Hotel Badhaus"},"image":{"@id":"https:\/\/staging.badhaus.it\/en\/#\/schema\/logo\/image\/"}}]}},"_links":{"self":[{"href":"https:\/\/staging.badhaus.it\/en\/wp-json\/wp\/v2\/pages\/1401","targetHints":{"allow":["GET"]}}],"collection":[{"href":"https:\/\/staging.badhaus.it\/en\/wp-json\/wp\/v2\/pages"}],"about":[{"href":"https:\/\/staging.badhaus.it\/en\/wp-json\/wp\/v2\/types\/page"}],"author":[{"embeddable":true,"href":"https:\/\/staging.badhaus.it\/en\/wp-json\/wp\/v2\/users\/1"}],"replies":[{"embeddable":true,"href":"https:\/\/staging.badhaus.it\/en\/wp-json\/wp\/v2\/comments?post=1401"}],"version-history":[{"count":3,"href":"https:\/\/staging.badhaus.it\/en\/wp-json\/wp\/v2\/pages\/1401\/revisions"}],"predecessor-version":[{"id":2937,"href":"https:\/\/staging.badhaus.it\/en\/wp-json\/wp\/v2\/pages\/1401\/revisions\/2937"}],"wp:featuredmedia":[{"embeddable":true,"href":"https:\/\/staging.badhaus.it\/en\/wp-json\/wp\/v2\/media\/1121"}],"wp:attachment":[{"href":"https:\/\/staging.badhaus.it\/en\/wp-json\/wp\/v2\/media?parent=1401"}],"curies":[{"name":"wp","href":"https:\/\/api.w.org\/{rel}","templated":true}]}}