{"id":2051,"date":"2025-04-16T17:27:47","date_gmt":"2025-04-16T15:27:47","guid":{"rendered":"https:\/\/badhaus.it\/your-stay\/inquiry\/"},"modified":"2025-11-13T12:30:20","modified_gmt":"2025-11-13T11:30:20","slug":"inquiry","status":"publish","type":"page","link":"https:\/\/staging.badhaus.it\/en\/your-stay-4-star-hotel-brixen\/inquiry\/","title":{"rendered":"Inquiry"},"content":{"rendered":"\t\t<div data-elementor-type=\"wp-page\" data-elementor-id=\"2051\" class=\"elementor elementor-2051 elementor-569\" data-elementor-post-type=\"page\">\n\t\t\t\t<div class=\"elementor-element elementor-element-207300f e-flex e-con-boxed e-con e-parent\" data-id=\"207300f\" data-element_type=\"container\">\n\t\t\t\t\t<div class=\"e-con-inner\">\n\t\t\t\t<div class=\"elementor-element elementor-element-b08c1a0 elementor-widget elementor-widget-html\" data-id=\"b08c1a0\" data-element_type=\"widget\" id=\"fuz-rg-widget\" data-widget_type=\"html.default\">\n\t\t\t\t\t<!-- RG Request Widget START -->\r\n<script type=\"text\/javascript\" data-rg-widget=\"request\">\r\n  (function () {\r\n    if (!window.rgWidgetApi) {\r\n      window.rgWidgetApi = {};\r\n    }\r\n    window.rgWidgetApi[\"request\"] = {\r\n      options: {\r\n        apiBaseUrl: \"https:\/\/viertelgroup.re-guest.com\", \/* mandatory *\/\r\n        serviceToken: \"03E5715F-15E3-45A7-AF9E-5A115B5F349C\", \/* mandatory *\/\r\n        languageCode: \"en\", \/* mandatory \"en\", \"de\", \"it\", \"fr\", \"nl\", \"ru\", \"ro\", \"es\" *\/\r\n        privacyUrl: 'https:\/\/staging.badhaus.it\/datenschutz', \/* optional https:\/\/www.your.site\/privacy *\/\r\n        facilityCode: 'BH', \/* optional Hotel code (only for Re:Guest multi-property-mode) *\/\r\n         styleUrls: ['https:\/\/use.typekit.net\/imm5twf.css', 'https:\/\/staging.badhaus.it\/wp-content\/themes\/hello-theme-child-master\/fuz-re-guest.css'], \/* optional, style resource for custom styling *\/\r\n        sourceOfBusiness: \"Website\", \/* optional (example: \"Website\", \"CRO Landing Page\") *\/\r\n        promotionVendor: \"\", \/* optional, utm_source (example: \"Google\", \"Facebook\", \"Bing\") *\/\r\n        promotionMedium: \"\", \/* optional, utm_medium (example: \"cpc\", \"banner\", \"email\", \"newsletter\") *\/\r\n        promotion: \"\" \/* optional, utm_campaign (example: \"Summer in the Dolomites\", \"Dolomites child-friendly hotel\") *\/\r\n      },\r\n      events: null \/* optional, event callback object, visit events section in documentation *\/\r\n    };\r\n    var s = document.createElement(\"script\");\r\n    s.type = \"text\/javascript\";\r\n    s.async = true;\r\n    s.src = window.rgWidgetApi[\"request\"].options.apiBaseUrl + \"\/public\/widget\/request.js\";\r\n    var x = document.getElementsByTagName(\"script\")[0];\r\n    x.parentNode.insertBefore(s, x);\r\n  })();\r\n<\/script>\r\n<!-- RG Request Widget END -->\t\t\t\t<\/div>\n\t\t\t\t\t<\/div>\n\t\t\t\t<\/div>\n\t\t\t\t<\/div>\n\t\t","protected":false},"excerpt":{"rendered":"","protected":false},"author":1,"featured_media":1937,"parent":1391,"menu_order":0,"comment_status":"closed","ping_status":"closed","template":"","meta":{"_acf_changed":false,"footnotes":""},"class_list":["post-2051","page","type-page","status-publish","has-post-thumbnail","hentry"],"acf":[],"yoast_head":"<!-- This site is optimized with the Yoast SEO plugin v26.5 - https:\/\/yoast.com\/wordpress\/plugins\/seo\/ -->\n<title>Inquiry - Boutique Hotel Badhaus<\/title>\n<meta name=\"robots\" content=\"noindex, follow, max-snippet:-1, max-image-preview:large, max-video-preview:-1\" \/>\n<meta property=\"og:locale\" content=\"en_US\" \/>\n<meta property=\"og:type\" content=\"article\" \/>\n<meta property=\"og:title\" content=\"Inquiry - Boutique Hotel Badhaus\" \/>\n<meta property=\"og:url\" content=\"https:\/\/staging.badhaus.it\/en\/your-stay-4-star-hotel-brixen\/inquiry\/\" \/>\n<meta property=\"og:site_name\" content=\"Boutique Hotel Badhaus\" \/>\n<meta property=\"article:modified_time\" content=\"2025-11-13T11:30:20+00:00\" \/>\n<meta property=\"og:image\" content=\"https:\/\/staging.badhaus.it\/wp-content\/uploads\/2025\/05\/Badhaus-Musterzimmer-4-Web-\u00a9Freiundzeit.jpg\" \/>\n\t<meta property=\"og:image:width\" content=\"2048\" \/>\n\t<meta property=\"og:image:height\" content=\"1366\" \/>\n\t<meta property=\"og:image:type\" content=\"image\/jpeg\" \/>\n<meta name=\"twitter:card\" content=\"summary_large_image\" \/>\n<script type=\"application\/ld+json\" class=\"yoast-schema-graph\">{\"@context\":\"https:\/\/schema.org\",\"@graph\":[{\"@type\":\"WebPage\",\"@id\":\"https:\/\/staging.badhaus.it\/en\/your-stay-4-star-hotel-brixen\/inquiry\/\",\"url\":\"https:\/\/staging.badhaus.it\/en\/your-stay-4-star-hotel-brixen\/inquiry\/\",\"name\":\"Inquiry - Boutique Hotel Badhaus\",\"isPartOf\":{\"@id\":\"https:\/\/staging.badhaus.it\/en\/#website\"},\"primaryImageOfPage\":{\"@id\":\"https:\/\/staging.badhaus.it\/en\/your-stay-4-star-hotel-brixen\/inquiry\/#primaryimage\"},\"image\":{\"@id\":\"https:\/\/staging.badhaus.it\/en\/your-stay-4-star-hotel-brixen\/inquiry\/#primaryimage\"},\"thumbnailUrl\":\"https:\/\/staging.badhaus.it\/wp-content\/uploads\/2025\/05\/Badhaus-Musterzimmer-4-Web-\u00a9Freiundzeit.jpg\",\"datePublished\":\"2025-04-16T15:27:47+00:00\",\"dateModified\":\"2025-11-13T11:30:20+00:00\",\"breadcrumb\":{\"@id\":\"https:\/\/staging.badhaus.it\/en\/your-stay-4-star-hotel-brixen\/inquiry\/#breadcrumb\"},\"inLanguage\":\"en-US\",\"potentialAction\":[{\"@type\":\"ReadAction\",\"target\":[\"https:\/\/staging.badhaus.it\/en\/your-stay-4-star-hotel-brixen\/inquiry\/\"]}]},{\"@type\":\"ImageObject\",\"inLanguage\":\"en-US\",\"@id\":\"https:\/\/staging.badhaus.it\/en\/your-stay-4-star-hotel-brixen\/inquiry\/#primaryimage\",\"url\":\"https:\/\/staging.badhaus.it\/wp-content\/uploads\/2025\/05\/Badhaus-Musterzimmer-4-Web-\u00a9Freiundzeit.jpg\",\"contentUrl\":\"https:\/\/staging.badhaus.it\/wp-content\/uploads\/2025\/05\/Badhaus-Musterzimmer-4-Web-\u00a9Freiundzeit.jpg\",\"width\":2048,\"height\":1366,\"caption\":\"Ein luxuri\u00f6ses Hotelzimmer f\u00fcr zwei Personen im 4 Sterne Boutique Hotel Badhaus im Zentrum von Brixen in S\u00fcdtirol\"},{\"@type\":\"BreadcrumbList\",\"@id\":\"https:\/\/staging.badhaus.it\/en\/your-stay-4-star-hotel-brixen\/inquiry\/#breadcrumb\",\"itemListElement\":[{\"@type\":\"ListItem\",\"position\":1,\"name\":\"Home\",\"item\":\"https:\/\/staging.badhaus.it\/en\/\"},{\"@type\":\"ListItem\",\"position\":2,\"name\":\"Your stay\",\"item\":\"https:\/\/staging.badhaus.it\/en\/ihr-aufenthalt-im-4-sterne-hotel-in-brixen\/\"},{\"@type\":\"ListItem\",\"position\":3,\"name\":\"Inquiry\"}]},{\"@type\":\"WebSite\",\"@id\":\"https:\/\/staging.badhaus.it\/en\/#website\",\"url\":\"https:\/\/staging.badhaus.it\/en\/\",\"name\":\"Boutique Hotel Badhaus\",\"description\":\"\",\"publisher\":{\"@id\":\"https:\/\/staging.badhaus.it\/en\/#organization\"},\"potentialAction\":[{\"@type\":\"SearchAction\",\"target\":{\"@type\":\"EntryPoint\",\"urlTemplate\":\"https:\/\/staging.badhaus.it\/en\/?s={search_term_string}\"},\"query-input\":{\"@type\":\"PropertyValueSpecification\",\"valueRequired\":true,\"valueName\":\"search_term_string\"}}],\"inLanguage\":\"en-US\"},{\"@type\":\"Organization\",\"@id\":\"https:\/\/staging.badhaus.it\/en\/#organization\",\"name\":\"Boutique Hotel Badhaus\",\"url\":\"https:\/\/staging.badhaus.it\/en\/\",\"logo\":{\"@type\":\"ImageObject\",\"inLanguage\":\"en-US\",\"@id\":\"https:\/\/staging.badhaus.it\/en\/#\/schema\/logo\/image\/\",\"url\":\"https:\/\/staging.badhaus.it\/wp-content\/uploads\/2025\/04\/bh-logo-white-horizontal.svg\",\"contentUrl\":\"https:\/\/staging.badhaus.it\/wp-content\/uploads\/2025\/04\/bh-logo-white-horizontal.svg\",\"width\":229,\"height\":29,\"caption\":\"Boutique Hotel Badhaus\"},\"image\":{\"@id\":\"https:\/\/staging.badhaus.it\/en\/#\/schema\/logo\/image\/\"}}]}<\/script>\n<!-- \/ Yoast SEO plugin. -->","yoast_head_json":{"title":"Inquiry - Boutique Hotel Badhaus","robots":{"index":"noindex","follow":"follow","max-snippet":"max-snippet:-1","max-image-preview":"max-image-preview:large","max-video-preview":"max-video-preview:-1"},"og_locale":"en_US","og_type":"article","og_title":"Inquiry - Boutique Hotel Badhaus","og_url":"https:\/\/staging.badhaus.it\/en\/your-stay-4-star-hotel-brixen\/inquiry\/","og_site_name":"Boutique Hotel Badhaus","article_modified_time":"2025-11-13T11:30:20+00:00","og_image":[{"width":2048,"height":1366,"url":"https:\/\/staging.badhaus.it\/wp-content\/uploads\/2025\/05\/Badhaus-Musterzimmer-4-Web-\u00a9Freiundzeit.jpg","type":"image\/jpeg"}],"twitter_card":"summary_large_image","schema":{"@context":"https:\/\/schema.org","@graph":[{"@type":"WebPage","@id":"https:\/\/staging.badhaus.it\/en\/your-stay-4-star-hotel-brixen\/inquiry\/","url":"https:\/\/staging.badhaus.it\/en\/your-stay-4-star-hotel-brixen\/inquiry\/","name":"Inquiry - Boutique Hotel Badhaus","isPartOf":{"@id":"https:\/\/staging.badhaus.it\/en\/#website"},"primaryImageOfPage":{"@id":"https:\/\/staging.badhaus.it\/en\/your-stay-4-star-hotel-brixen\/inquiry\/#primaryimage"},"image":{"@id":"https:\/\/staging.badhaus.it\/en\/your-stay-4-star-hotel-brixen\/inquiry\/#primaryimage"},"thumbnailUrl":"https:\/\/staging.badhaus.it\/wp-content\/uploads\/2025\/05\/Badhaus-Musterzimmer-4-Web-\u00a9Freiundzeit.jpg","datePublished":"2025-04-16T15:27:47+00:00","dateModified":"2025-11-13T11:30:20+00:00","breadcrumb":{"@id":"https:\/\/staging.badhaus.it\/en\/your-stay-4-star-hotel-brixen\/inquiry\/#breadcrumb"},"inLanguage":"en-US","potentialAction":[{"@type":"ReadAction","target":["https:\/\/staging.badhaus.it\/en\/your-stay-4-star-hotel-brixen\/inquiry\/"]}]},{"@type":"ImageObject","inLanguage":"en-US","@id":"https:\/\/staging.badhaus.it\/en\/your-stay-4-star-hotel-brixen\/inquiry\/#primaryimage","url":"https:\/\/staging.badhaus.it\/wp-content\/uploads\/2025\/05\/Badhaus-Musterzimmer-4-Web-\u00a9Freiundzeit.jpg","contentUrl":"https:\/\/staging.badhaus.it\/wp-content\/uploads\/2025\/05\/Badhaus-Musterzimmer-4-Web-\u00a9Freiundzeit.jpg","width":2048,"height":1366,"caption":"Ein luxuri\u00f6ses Hotelzimmer f\u00fcr zwei Personen im 4 Sterne Boutique Hotel Badhaus im Zentrum von Brixen in S\u00fcdtirol"},{"@type":"BreadcrumbList","@id":"https:\/\/staging.badhaus.it\/en\/your-stay-4-star-hotel-brixen\/inquiry\/#breadcrumb","itemListElement":[{"@type":"ListItem","position":1,"name":"Home","item":"https:\/\/staging.badhaus.it\/en\/"},{"@type":"ListItem","position":2,"name":"Your stay","item":"https:\/\/staging.badhaus.it\/en\/ihr-aufenthalt-im-4-sterne-hotel-in-brixen\/"},{"@type":"ListItem","position":3,"name":"Inquiry"}]},{"@type":"WebSite","@id":"https:\/\/staging.badhaus.it\/en\/#website","url":"https:\/\/staging.badhaus.it\/en\/","name":"Boutique Hotel Badhaus","description":"","publisher":{"@id":"https:\/\/staging.badhaus.it\/en\/#organization"},"potentialAction":[{"@type":"SearchAction","target":{"@type":"EntryPoint","urlTemplate":"https:\/\/staging.badhaus.it\/en\/?s={search_term_string}"},"query-input":{"@type":"PropertyValueSpecification","valueRequired":true,"valueName":"search_term_string"}}],"inLanguage":"en-US"},{"@type":"Organization","@id":"https:\/\/staging.badhaus.it\/en\/#organization","name":"Boutique Hotel Badhaus","url":"https:\/\/staging.badhaus.it\/en\/","logo":{"@type":"ImageObject","inLanguage":"en-US","@id":"https:\/\/staging.badhaus.it\/en\/#\/schema\/logo\/image\/","url":"https:\/\/staging.badhaus.it\/wp-content\/uploads\/2025\/04\/bh-logo-white-horizontal.svg","contentUrl":"https:\/\/staging.badhaus.it\/wp-content\/uploads\/2025\/04\/bh-logo-white-horizontal.svg","width":229,"height":29,"caption":"Boutique Hotel Badhaus"},"image":{"@id":"https:\/\/staging.badhaus.it\/en\/#\/schema\/logo\/image\/"}}]}},"_links":{"self":[{"href":"https:\/\/staging.badhaus.it\/en\/wp-json\/wp\/v2\/pages\/2051","targetHints":{"allow":["GET"]}}],"collection":[{"href":"https:\/\/staging.badhaus.it\/en\/wp-json\/wp\/v2\/pages"}],"about":[{"href":"https:\/\/staging.badhaus.it\/en\/wp-json\/wp\/v2\/types\/page"}],"author":[{"embeddable":true,"href":"https:\/\/staging.badhaus.it\/en\/wp-json\/wp\/v2\/users\/1"}],"replies":[{"embeddable":true,"href":"https:\/\/staging.badhaus.it\/en\/wp-json\/wp\/v2\/comments?post=2051"}],"version-history":[{"count":2,"href":"https:\/\/staging.badhaus.it\/en\/wp-json\/wp\/v2\/pages\/2051\/revisions"}],"predecessor-version":[{"id":3048,"href":"https:\/\/staging.badhaus.it\/en\/wp-json\/wp\/v2\/pages\/2051\/revisions\/3048"}],"up":[{"embeddable":true,"href":"https:\/\/staging.badhaus.it\/en\/wp-json\/wp\/v2\/pages\/1391"}],"wp:featuredmedia":[{"embeddable":true,"href":"https:\/\/staging.badhaus.it\/en\/wp-json\/wp\/v2\/media\/1937"}],"wp:attachment":[{"href":"https:\/\/staging.badhaus.it\/en\/wp-json\/wp\/v2\/media?parent=2051"}],"curies":[{"name":"wp","href":"https:\/\/api.w.org\/{rel}","templated":true}]}}