{"id":2607,"date":"2025-06-24T12:39:44","date_gmt":"2025-06-24T10:39:44","guid":{"rendered":"https:\/\/badhaus.it\/accessibilita\/"},"modified":"2025-06-24T12:55:35","modified_gmt":"2025-06-24T10:55:35","slug":"accessibilita","status":"publish","type":"page","link":"https:\/\/staging.badhaus.it\/it\/accessibilita\/","title":{"rendered":"Accessibilit\u00e0"},"content":{"rendered":"\t\t<div data-elementor-type=\"wp-page\" data-elementor-id=\"2607\" class=\"elementor elementor-2607 elementor-2599\" data-elementor-post-type=\"page\">\n\t\t\t\t<div class=\"elementor-element elementor-element-da2ca88 animated-slow e-flex e-con-boxed elementor-invisible e-con e-parent\" data-id=\"da2ca88\" data-element_type=\"container\" data-settings=\"{&quot;animation&quot;:&quot;fadeIn&quot;}\">\n\t\t\t\t\t<div class=\"e-con-inner\">\n\t\t<div class=\"elementor-element elementor-element-0d1938c e-flex e-con-boxed e-con e-child\" data-id=\"0d1938c\" data-element_type=\"container\">\n\t\t\t\t\t<div class=\"e-con-inner\">\n\t\t\t\t<div class=\"elementor-element elementor-element-b673b7f elementor-widget elementor-widget-heading\" data-id=\"b673b7f\" data-element_type=\"widget\" data-widget_type=\"heading.default\">\n\t\t\t\t\t<h2 class=\"elementor-heading-title elementor-size-default\">Dichiarazione di accessibilit\u00e0<\/h2>\t\t\t\t<\/div>\n\t\t\t\t<div class=\"elementor-element elementor-element-a571430 elementor-widget elementor-widget-text-editor\" data-id=\"a571430\" data-element_type=\"widget\" data-widget_type=\"text-editor.default\">\n\t\t\t\t\t\t\t\t\t<p>Noi di Viertel Group GmbH ci impegniamo a rendere il nostro sito web badhaus.it il pi\u00f9 accessibile possibile, per garantire a tutte le persone \u2013 comprese quelle con disabilit\u00e0 \u2013 un accesso privo di barriere.<\/p>\n\t\t\t\t\t\t\t\t<\/div>\n\t\t\t\t\t<\/div>\n\t\t\t\t<\/div>\n\t\t<div class=\"elementor-element elementor-element-7c32d4f e-flex e-con-boxed e-con e-child\" data-id=\"7c32d4f\" data-element_type=\"container\">\n\t\t\t\t\t<div class=\"e-con-inner\">\n\t\t\t\t<div class=\"elementor-element elementor-element-ab832b9 elementor-widget elementor-widget-heading\" data-id=\"ab832b9\" data-element_type=\"widget\" data-widget_type=\"heading.default\">\n\t\t\t\t\t<h3 class=\"elementor-heading-title elementor-size-default\">Standard di accessibilit\u00e0<\/h3>\t\t\t\t<\/div>\n\t\t\t\t<div class=\"elementor-element elementor-element-bb04c1e elementor-widget elementor-widget-text-editor\" data-id=\"bb04c1e\" data-element_type=\"widget\" data-widget_type=\"text-editor.default\">\n\t\t\t\t\t\t\t\t\t<p>Il nostro sito si basa sulle normative europee sull\u2019accessibilit\u00e0, in particolare sul European Accessibility Act (EAA) che entrer\u00e0 in vigore il 28 giugno 2025, e sulle Linee guida WCAG 2.1 a livello AA.<\/p>\n\t\t\t\t\t\t\t\t<\/div>\n\t\t\t\t\t<\/div>\n\t\t\t\t<\/div>\n\t\t<div class=\"elementor-element elementor-element-f587ce8 e-flex e-con-boxed e-con e-child\" data-id=\"f587ce8\" data-element_type=\"container\">\n\t\t\t\t\t<div class=\"e-con-inner\">\n\t\t\t\t<div class=\"elementor-element elementor-element-9b92ec3 elementor-widget elementor-widget-heading\" data-id=\"9b92ec3\" data-element_type=\"widget\" data-widget_type=\"heading.default\">\n\t\t\t\t\t<h3 class=\"elementor-heading-title elementor-size-default\">Misure implementate<\/h3>\t\t\t\t<\/div>\n\t\t\t\t<div class=\"elementor-element elementor-element-ec3b110 elementor-widget elementor-widget-text-editor\" data-id=\"ec3b110\" data-element_type=\"widget\" data-widget_type=\"text-editor.default\">\n\t\t\t\t\t\t\t\t\t<ul>\n<li>Navigazione tramite tastiera possibile<\/li>\n<li>Testi alternativi per le immagini forniti<\/li>\n<li>Struttura di titoli (H1, H2, \u2026) utilizzata correttamente<\/li>\n<li>Regolazione dei colori e del contrasto tramite widget di accessibilit\u00e0<\/li>\n<li>Testi chiari e comprensibili, link e pulsanti facilmente riconoscibili<\/li>\n<\/ul>\n\t\t\t\t\t\t\t\t<\/div>\n\t\t\t\t\t<\/div>\n\t\t\t\t<\/div>\n\t\t<div class=\"elementor-element elementor-element-64145ed e-flex e-con-boxed e-con e-child\" data-id=\"64145ed\" data-element_type=\"container\">\n\t\t\t\t\t<div class=\"e-con-inner\">\n\t\t\t\t<div class=\"elementor-element elementor-element-a1cdf3b elementor-widget elementor-widget-heading\" data-id=\"a1cdf3b\" data-element_type=\"widget\" data-widget_type=\"heading.default\">\n\t\t\t\t\t<h3 class=\"elementor-heading-title elementor-size-default\">Contenuti non accessibili<\/h3>\t\t\t\t<\/div>\n\t\t\t\t<div class=\"elementor-element elementor-element-44e33d0 elementor-widget elementor-widget-text-editor\" data-id=\"44e33d0\" data-element_type=\"widget\" data-widget_type=\"text-editor.default\">\n\t\t\t\t\t\t\t\t\t<p>Nonostante i nostri sforzi, alcune aree potrebbero non essere ancora completamente accessibili. Lavoriamo costantemente per migliorare il sito.<\/p>\n\t\t\t\t\t\t\t\t<\/div>\n\t\t\t\t\t<\/div>\n\t\t\t\t<\/div>\n\t\t<div class=\"elementor-element elementor-element-46a553d e-flex e-con-boxed e-con e-child\" data-id=\"46a553d\" data-element_type=\"container\">\n\t\t\t\t\t<div class=\"e-con-inner\">\n\t\t\t\t<div class=\"elementor-element elementor-element-a66724b elementor-widget elementor-widget-heading\" data-id=\"a66724b\" data-element_type=\"widget\" data-widget_type=\"heading.default\">\n\t\t\t\t\t<h3 class=\"elementor-heading-title elementor-size-default\">Feedback e contatti<\/h3>\t\t\t\t<\/div>\n\t\t\t\t<div class=\"elementor-element elementor-element-6c391b1 elementor-widget elementor-widget-text-editor\" data-id=\"6c391b1\" data-element_type=\"widget\" data-widget_type=\"text-editor.default\">\n\t\t\t\t\t\t\t\t\t<p>Se riscontri problemi nell\u2019utilizzo del nostro sito o hai domande sull\u2019accessibilit\u00e0, ti preghiamo di contattarci:<\/p>\n<p>Viertel Group GmbH<br \/>E-Mail:\u00a0<a href=\"mailto:info@badhaus.it\">info@badhaus.it<\/a><\/p>\n\t\t\t\t\t\t\t\t<\/div>\n\t\t\t\t\t<\/div>\n\t\t\t\t<\/div>\n\t\t<div class=\"elementor-element elementor-element-706c5ca e-flex e-con-boxed e-con e-child\" data-id=\"706c5ca\" data-element_type=\"container\">\n\t\t\t\t\t<div class=\"e-con-inner\">\n\t\t\t\t<div class=\"elementor-element elementor-element-5eb2ecc elementor-widget elementor-widget-text-editor\" data-id=\"5eb2ecc\" data-element_type=\"widget\" data-widget_type=\"text-editor.default\">\n\t\t\t\t\t\t\t\t\t<p><strong>Data dell\u2019ultima revisione:<\/strong> 24\/06\/2025<\/p>\n\t\t\t\t\t\t\t\t<\/div>\n\t\t\t\t\t<\/div>\n\t\t\t\t<\/div>\n\t\t\t\t\t<\/div>\n\t\t\t\t<\/div>\n\t\t\t\t<\/div>\n\t\t","protected":false},"excerpt":{"rendered":"<p>Dichiarazione di accessibilit\u00e0 Noi di Viertel Group GmbH ci impegniamo a rendere il nostro sito web badhaus.it il pi\u00f9 accessibile possibile, per garantire a tutte le persone \u2013 comprese quelle con disabilit\u00e0 \u2013 un accesso privo di barriere. Standard di accessibilit\u00e0 Il nostro sito si basa sulle normative europee sull\u2019accessibilit\u00e0, in particolare sul European Accessibility [&hellip;]<\/p>\n","protected":false},"author":1,"featured_media":2386,"parent":0,"menu_order":0,"comment_status":"closed","ping_status":"closed","template":"","meta":{"_acf_changed":false,"footnotes":""},"class_list":["post-2607","page","type-page","status-publish","has-post-thumbnail","hentry"],"acf":[],"yoast_head":"<!-- This site is optimized with the Yoast SEO plugin v26.5 - https:\/\/yoast.com\/wordpress\/plugins\/seo\/ -->\n<title>Accessibilit\u00e0 - Boutique Hotel Badhaus<\/title>\n<meta name=\"robots\" content=\"noindex, follow, max-snippet:-1, max-image-preview:large, max-video-preview:-1\" \/>\n<meta property=\"og:locale\" content=\"it_IT\" \/>\n<meta property=\"og:type\" content=\"article\" \/>\n<meta property=\"og:title\" content=\"Accessibilit\u00e0 - Boutique Hotel Badhaus\" \/>\n<meta property=\"og:description\" content=\"Dichiarazione di accessibilit\u00e0 Noi di Viertel Group GmbH ci impegniamo a rendere il nostro sito web badhaus.it il pi\u00f9 accessibile possibile, per garantire a tutte le persone \u2013 comprese quelle con disabilit\u00e0 \u2013 un accesso privo di barriere. Standard di accessibilit\u00e0 Il nostro sito si basa sulle normative europee sull\u2019accessibilit\u00e0, in particolare sul European Accessibility [&hellip;]\" \/>\n<meta property=\"og:url\" content=\"https:\/\/staging.badhaus.it\/it\/accessibilita\/\" \/>\n<meta property=\"og:site_name\" content=\"Boutique Hotel Badhaus\" \/>\n<meta property=\"article:modified_time\" content=\"2025-06-24T10:55:35+00:00\" \/>\n<meta property=\"og:image\" content=\"https:\/\/staging.badhaus.it\/wp-content\/uploads\/2025\/05\/K2A2512-web-\u00a9freiundzeit.jpg\" \/>\n\t<meta property=\"og:image:width\" content=\"2048\" \/>\n\t<meta property=\"og:image:height\" content=\"1366\" \/>\n\t<meta property=\"og:image:type\" content=\"image\/jpeg\" \/>\n<meta name=\"twitter:card\" content=\"summary_large_image\" \/>\n<meta name=\"twitter:label1\" content=\"Tempo di lettura stimato\" \/>\n\t<meta name=\"twitter:data1\" content=\"1 minuto\" \/>\n<script type=\"application\/ld+json\" class=\"yoast-schema-graph\">{\"@context\":\"https:\/\/schema.org\",\"@graph\":[{\"@type\":\"WebPage\",\"@id\":\"https:\/\/staging.badhaus.it\/it\/accessibilita\/\",\"url\":\"https:\/\/staging.badhaus.it\/it\/accessibilita\/\",\"name\":\"Accessibilit\u00e0 - Boutique Hotel Badhaus\",\"isPartOf\":{\"@id\":\"https:\/\/staging.badhaus.it\/it\/#website\"},\"primaryImageOfPage\":{\"@id\":\"https:\/\/staging.badhaus.it\/it\/accessibilita\/#primaryimage\"},\"image\":{\"@id\":\"https:\/\/staging.badhaus.it\/it\/accessibilita\/#primaryimage\"},\"thumbnailUrl\":\"https:\/\/staging.badhaus.it\/wp-content\/uploads\/2025\/05\/K2A2512-web-\u00a9freiundzeit.jpg\",\"datePublished\":\"2025-06-24T10:39:44+00:00\",\"dateModified\":\"2025-06-24T10:55:35+00:00\",\"breadcrumb\":{\"@id\":\"https:\/\/staging.badhaus.it\/it\/accessibilita\/#breadcrumb\"},\"inLanguage\":\"it-IT\",\"potentialAction\":[{\"@type\":\"ReadAction\",\"target\":[\"https:\/\/staging.badhaus.it\/it\/accessibilita\/\"]}]},{\"@type\":\"ImageObject\",\"inLanguage\":\"it-IT\",\"@id\":\"https:\/\/staging.badhaus.it\/it\/accessibilita\/#primaryimage\",\"url\":\"https:\/\/staging.badhaus.it\/wp-content\/uploads\/2025\/05\/K2A2512-web-\u00a9freiundzeit.jpg\",\"contentUrl\":\"https:\/\/staging.badhaus.it\/wp-content\/uploads\/2025\/05\/K2A2512-web-\u00a9freiundzeit.jpg\",\"width\":2048,\"height\":1366,\"caption\":\"Lampenschirme in der Viertel Bar in Brixen\"},{\"@type\":\"BreadcrumbList\",\"@id\":\"https:\/\/staging.badhaus.it\/it\/accessibilita\/#breadcrumb\",\"itemListElement\":[{\"@type\":\"ListItem\",\"position\":1,\"name\":\"Home\",\"item\":\"https:\/\/staging.badhaus.it\/it\/\"},{\"@type\":\"ListItem\",\"position\":2,\"name\":\"Accessibilit\u00e0\"}]},{\"@type\":\"WebSite\",\"@id\":\"https:\/\/staging.badhaus.it\/it\/#website\",\"url\":\"https:\/\/staging.badhaus.it\/it\/\",\"name\":\"Boutique Hotel Badhaus\",\"description\":\"\",\"publisher\":{\"@id\":\"https:\/\/staging.badhaus.it\/it\/#organization\"},\"potentialAction\":[{\"@type\":\"SearchAction\",\"target\":{\"@type\":\"EntryPoint\",\"urlTemplate\":\"https:\/\/staging.badhaus.it\/it\/?s={search_term_string}\"},\"query-input\":{\"@type\":\"PropertyValueSpecification\",\"valueRequired\":true,\"valueName\":\"search_term_string\"}}],\"inLanguage\":\"it-IT\"},{\"@type\":\"Organization\",\"@id\":\"https:\/\/staging.badhaus.it\/it\/#organization\",\"name\":\"Boutique Hotel Badhaus\",\"url\":\"https:\/\/staging.badhaus.it\/it\/\",\"logo\":{\"@type\":\"ImageObject\",\"inLanguage\":\"it-IT\",\"@id\":\"https:\/\/staging.badhaus.it\/it\/#\/schema\/logo\/image\/\",\"url\":\"https:\/\/staging.badhaus.it\/wp-content\/uploads\/2025\/04\/bh-logo-white-horizontal.svg\",\"contentUrl\":\"https:\/\/staging.badhaus.it\/wp-content\/uploads\/2025\/04\/bh-logo-white-horizontal.svg\",\"width\":229,\"height\":29,\"caption\":\"Boutique Hotel Badhaus\"},\"image\":{\"@id\":\"https:\/\/staging.badhaus.it\/it\/#\/schema\/logo\/image\/\"}}]}<\/script>\n<!-- \/ Yoast SEO plugin. -->","yoast_head_json":{"title":"Accessibilit\u00e0 - Boutique Hotel Badhaus","robots":{"index":"noindex","follow":"follow","max-snippet":"max-snippet:-1","max-image-preview":"max-image-preview:large","max-video-preview":"max-video-preview:-1"},"og_locale":"it_IT","og_type":"article","og_title":"Accessibilit\u00e0 - Boutique Hotel Badhaus","og_description":"Dichiarazione di accessibilit\u00e0 Noi di Viertel Group GmbH ci impegniamo a rendere il nostro sito web badhaus.it il pi\u00f9 accessibile possibile, per garantire a tutte le persone \u2013 comprese quelle con disabilit\u00e0 \u2013 un accesso privo di barriere. Standard di accessibilit\u00e0 Il nostro sito si basa sulle normative europee sull\u2019accessibilit\u00e0, in particolare sul European Accessibility [&hellip;]","og_url":"https:\/\/staging.badhaus.it\/it\/accessibilita\/","og_site_name":"Boutique Hotel Badhaus","article_modified_time":"2025-06-24T10:55:35+00:00","og_image":[{"width":2048,"height":1366,"url":"https:\/\/staging.badhaus.it\/wp-content\/uploads\/2025\/05\/K2A2512-web-\u00a9freiundzeit.jpg","type":"image\/jpeg"}],"twitter_card":"summary_large_image","twitter_misc":{"Tempo di lettura stimato":"1 minuto"},"schema":{"@context":"https:\/\/schema.org","@graph":[{"@type":"WebPage","@id":"https:\/\/staging.badhaus.it\/it\/accessibilita\/","url":"https:\/\/staging.badhaus.it\/it\/accessibilita\/","name":"Accessibilit\u00e0 - Boutique Hotel Badhaus","isPartOf":{"@id":"https:\/\/staging.badhaus.it\/it\/#website"},"primaryImageOfPage":{"@id":"https:\/\/staging.badhaus.it\/it\/accessibilita\/#primaryimage"},"image":{"@id":"https:\/\/staging.badhaus.it\/it\/accessibilita\/#primaryimage"},"thumbnailUrl":"https:\/\/staging.badhaus.it\/wp-content\/uploads\/2025\/05\/K2A2512-web-\u00a9freiundzeit.jpg","datePublished":"2025-06-24T10:39:44+00:00","dateModified":"2025-06-24T10:55:35+00:00","breadcrumb":{"@id":"https:\/\/staging.badhaus.it\/it\/accessibilita\/#breadcrumb"},"inLanguage":"it-IT","potentialAction":[{"@type":"ReadAction","target":["https:\/\/staging.badhaus.it\/it\/accessibilita\/"]}]},{"@type":"ImageObject","inLanguage":"it-IT","@id":"https:\/\/staging.badhaus.it\/it\/accessibilita\/#primaryimage","url":"https:\/\/staging.badhaus.it\/wp-content\/uploads\/2025\/05\/K2A2512-web-\u00a9freiundzeit.jpg","contentUrl":"https:\/\/staging.badhaus.it\/wp-content\/uploads\/2025\/05\/K2A2512-web-\u00a9freiundzeit.jpg","width":2048,"height":1366,"caption":"Lampenschirme in der Viertel Bar in Brixen"},{"@type":"BreadcrumbList","@id":"https:\/\/staging.badhaus.it\/it\/accessibilita\/#breadcrumb","itemListElement":[{"@type":"ListItem","position":1,"name":"Home","item":"https:\/\/staging.badhaus.it\/it\/"},{"@type":"ListItem","position":2,"name":"Accessibilit\u00e0"}]},{"@type":"WebSite","@id":"https:\/\/staging.badhaus.it\/it\/#website","url":"https:\/\/staging.badhaus.it\/it\/","name":"Boutique Hotel Badhaus","description":"","publisher":{"@id":"https:\/\/staging.badhaus.it\/it\/#organization"},"potentialAction":[{"@type":"SearchAction","target":{"@type":"EntryPoint","urlTemplate":"https:\/\/staging.badhaus.it\/it\/?s={search_term_string}"},"query-input":{"@type":"PropertyValueSpecification","valueRequired":true,"valueName":"search_term_string"}}],"inLanguage":"it-IT"},{"@type":"Organization","@id":"https:\/\/staging.badhaus.it\/it\/#organization","name":"Boutique Hotel Badhaus","url":"https:\/\/staging.badhaus.it\/it\/","logo":{"@type":"ImageObject","inLanguage":"it-IT","@id":"https:\/\/staging.badhaus.it\/it\/#\/schema\/logo\/image\/","url":"https:\/\/staging.badhaus.it\/wp-content\/uploads\/2025\/04\/bh-logo-white-horizontal.svg","contentUrl":"https:\/\/staging.badhaus.it\/wp-content\/uploads\/2025\/04\/bh-logo-white-horizontal.svg","width":229,"height":29,"caption":"Boutique Hotel Badhaus"},"image":{"@id":"https:\/\/staging.badhaus.it\/it\/#\/schema\/logo\/image\/"}}]}},"_links":{"self":[{"href":"https:\/\/staging.badhaus.it\/it\/wp-json\/wp\/v2\/pages\/2607","targetHints":{"allow":["GET"]}}],"collection":[{"href":"https:\/\/staging.badhaus.it\/it\/wp-json\/wp\/v2\/pages"}],"about":[{"href":"https:\/\/staging.badhaus.it\/it\/wp-json\/wp\/v2\/types\/page"}],"author":[{"embeddable":true,"href":"https:\/\/staging.badhaus.it\/it\/wp-json\/wp\/v2\/users\/1"}],"replies":[{"embeddable":true,"href":"https:\/\/staging.badhaus.it\/it\/wp-json\/wp\/v2\/comments?post=2607"}],"version-history":[{"count":1,"href":"https:\/\/staging.badhaus.it\/it\/wp-json\/wp\/v2\/pages\/2607\/revisions"}],"predecessor-version":[{"id":2608,"href":"https:\/\/staging.badhaus.it\/it\/wp-json\/wp\/v2\/pages\/2607\/revisions\/2608"}],"wp:featuredmedia":[{"embeddable":true,"href":"https:\/\/staging.badhaus.it\/it\/wp-json\/wp\/v2\/media\/2386"}],"wp:attachment":[{"href":"https:\/\/staging.badhaus.it\/it\/wp-json\/wp\/v2\/media?parent=2607"}],"curies":[{"name":"wp","href":"https:\/\/api.w.org\/{rel}","templated":true}]}}