{"id":3131,"date":"2025-11-17T12:13:23","date_gmt":"2025-11-17T11:13:23","guid":{"rendered":"https:\/\/badhaus.it\/il-punto-di-partenza-ideale-per-scoprire-bressanone-e-i-suoi-dintorni\/le-stagioni\/"},"modified":"2025-11-21T12:25:50","modified_gmt":"2025-11-21T11:25:50","slug":"le-stagioni","status":"publish","type":"page","link":"https:\/\/staging.badhaus.it\/it\/il-punto-di-partenza-ideale-per-scoprire-bressanone-e-i-suoi-dintorni\/le-stagioni\/","title":{"rendered":"Le stagioni"},"content":{"rendered":"\t\t<div data-elementor-type=\"wp-page\" data-elementor-id=\"3131\" class=\"elementor elementor-3131 elementor-3082\" data-elementor-post-type=\"page\">\n\t\t\t\t<div class=\"elementor-element elementor-element-4923a4f animated-slow e-flex e-con-boxed elementor-invisible e-con e-parent\" data-id=\"4923a4f\" data-element_type=\"container\" data-settings=\"{&quot;animation&quot;:&quot;fadeIn&quot;}\">\n\t\t\t\t\t<div class=\"e-con-inner\">\n\t\t\t\t<div class=\"elementor-element elementor-element-92fa2c5 elementor-widget elementor-widget-heading\" data-id=\"92fa2c5\" data-element_type=\"widget\" data-widget_type=\"heading.default\">\n\t\t\t\t\t<h2 class=\"elementor-heading-title elementor-size-default\">Quattro motivi per scegliere il Badhaus<\/h2>\t\t\t\t<\/div>\n\t\t\t\t<div class=\"elementor-element elementor-element-8ca2e0a elementor-widget elementor-widget-text-editor\" data-id=\"8ca2e0a\" data-element_type=\"widget\" data-widget_type=\"text-editor.default\">\n\t\t\t\t\t\t\t\t\t<p>Tra Piazza Duomo e Ponte Aquila si trova il vostro punto di partenza per ogni stagione: il Boutique Hotel Badhaus. <span style=\"text-decoration: underline;\"><a href=\"https:\/\/staging.badhaus.it\/it\/hotel-boutique-bressanone-architettura-design\/\">Architettura con storia<\/a><\/span>, nel cuore del centro storico, con <span style=\"text-decoration: underline;\"><a href=\"https:\/\/staging.badhaus.it\/it\/il-suo-soggiorno-hotel-4-stelle-bressanone\/informazioni-e-servizi\/#expanding-items\">garage privato<\/a><\/span> \u2013 e il meglio di Bressanone proprio davanti alla porta. Con la <a href=\"https:\/\/www.brixen.org\/it\/la-mia-vacanza\/vacanze-a-bressanone-1\/guestpass-brixencard\">BrixenCard<\/a> si aprono le vie verso la montagna e la cultura.<\/p>\n\t\t\t\t\t\t\t\t<\/div>\n\t\t\t\t\t<\/div>\n\t\t\t\t<\/div>\n\t\t<div class=\"elementor-element elementor-element-c95ccf3 animated-slow e-flex e-con-boxed elementor-invisible e-con e-parent\" data-id=\"c95ccf3\" data-element_type=\"container\" data-settings=\"{&quot;background_background&quot;:&quot;classic&quot;,&quot;animation&quot;:&quot;fadeIn&quot;}\">\n\t\t\t\t\t<div class=\"e-con-inner\">\n\t\t\t\t<div class=\"elementor-element elementor-element-26989d8 elementor-invisible elementor-widget elementor-widget-heading\" data-id=\"26989d8\" data-element_type=\"widget\" data-settings=\"{&quot;_animation&quot;:&quot;fadeInUp&quot;}\" data-widget_type=\"heading.default\">\n\t\t\t\t\t<h2 class=\"elementor-heading-title elementor-size-default\">Primavera \u2013 Citt\u00e0 in fiore e prime salite<\/h2>\t\t\t\t<\/div>\n\t\t\t\t\t<\/div>\n\t\t\t\t<\/div>\n\t\t<div class=\"elementor-element elementor-element-050d747 animated-slow e-flex e-con-boxed elementor-invisible e-con e-parent\" data-id=\"050d747\" data-element_type=\"container\" data-settings=\"{&quot;animation&quot;:&quot;fadeIn&quot;}\">\n\t\t\t\t\t<div class=\"e-con-inner\">\n\t\t\t\t<div class=\"elementor-element elementor-element-50ba21e elementor-widget elementor-widget-text-editor\" data-id=\"50ba21e\" data-element_type=\"widget\" data-widget_type=\"text-editor.default\">\n\t\t\t\t\t\t\t\t\t<p>In primavera Bressanone mostra il suo lato pi\u00f9 accogliente. Sotto i portici i tavolini prendono il sole, lungo l\u2019Isarco spunta un verde fresco e <span style=\"text-decoration: underline;\"><a href=\"https:\/\/www.kloster-neustift.it\/it\/\">a Novacella si aprono i giardini.<\/a><\/span> Sopra la citt\u00e0, sentieri panoramici ben segnalati invitano alle prime escursioni senza difficolt\u00e0. Chi ama la cultura pu\u00f2 abbinare la passeggiata a una visita alla Hofburg (Palazzo Vescovile). Nel pomeriggio un cappuccino in Piazza Duomo, la sera un calice di bianco altoatesino: la primavera qui \u00e8 un dolce inizio verso la montagna, senza rinunciare alla vita di citt\u00e0.<\/p>\n\t\t\t\t\t\t\t\t<\/div>\n\t\t\t\t\t<\/div>\n\t\t\t\t<\/div>\n\t\t<div class=\"elementor-element elementor-element-f3d2f94 animated-slow e-flex e-con-boxed elementor-invisible e-con e-parent\" data-id=\"f3d2f94\" data-element_type=\"container\" data-settings=\"{&quot;background_background&quot;:&quot;classic&quot;,&quot;animation&quot;:&quot;fadeIn&quot;}\">\n\t\t\t\t\t<div class=\"e-con-inner\">\n\t\t\t\t<div class=\"elementor-element elementor-element-8e522b2 elementor-invisible elementor-widget elementor-widget-heading\" data-id=\"8e522b2\" data-element_type=\"widget\" data-settings=\"{&quot;_animation&quot;:&quot;fadeInUp&quot;}\" data-widget_type=\"heading.default\">\n\t\t\t\t\t<h2 class=\"elementor-heading-title elementor-size-default\">Estate \u2013 Aria di montagna, soste d\u2019acqua e serate lunghe<\/h2>\t\t\t\t<\/div>\n\t\t\t\t\t<\/div>\n\t\t\t\t<\/div>\n\t\t<div class=\"elementor-element elementor-element-62bf2d5 animated-slow e-flex e-con-boxed elementor-invisible e-con e-parent\" data-id=\"62bf2d5\" data-element_type=\"container\" data-settings=\"{&quot;animation&quot;:&quot;fadeIn&quot;}\">\n\t\t\t\t\t<div class=\"e-con-inner\">\n\t\t\t\t<div class=\"elementor-element elementor-element-92488e1 elementor-widget elementor-widget-text-editor\" data-id=\"92488e1\" data-element_type=\"widget\" data-widget_type=\"text-editor.default\">\n\t\t\t\t\t\t\t\t\t<p>Nelle giornate calde si sale al mattino sulla Plose: escursioni con ampie vedute, una sosta accogliente in malga e, se si vuole, un giro in <span style=\"text-decoration: underline;\"><a href=\"https:\/\/staging.badhaus.it\/it\/il-suo-soggiorno-hotel-4-stelle-bressanone\/informazioni-e-servizi\/#expanding-items\">e-bike<\/a><\/span> tra i vigneti. Al rientro in citt\u00e0, <span style=\"text-decoration: underline;\"><a href=\"https:\/\/www.acquarena.com\/it\/index.html\">l\u2019Acquarena<\/a><\/span> rinfresca con le vasche all\u2019aperto, mentre i percorsi lungo l\u2019Isarco restano piacevolmente freschi. Quando la calura cala, le piazze si animano, nei cortili interni risuonano concerti e un gelato in Piazza Duomo viene naturale. L\u2019estate a Bressanone unisce montagna e centro storico con tanta naturalezza che la giornata finisce spesso pi\u00f9 tardi del previsto.<\/p>\n\t\t\t\t\t\t\t\t<\/div>\n\t\t\t\t\t<\/div>\n\t\t\t\t<\/div>\n\t\t<div class=\"elementor-element elementor-element-f595a68 animated-slow e-flex e-con-boxed elementor-invisible e-con e-parent\" data-id=\"f595a68\" data-element_type=\"container\" data-settings=\"{&quot;background_background&quot;:&quot;classic&quot;,&quot;animation&quot;:&quot;fadeIn&quot;}\">\n\t\t\t\t\t<div class=\"e-con-inner\">\n\t\t\t\t<div class=\"elementor-element elementor-element-34f2842 elementor-invisible elementor-widget elementor-widget-heading\" data-id=\"34f2842\" data-element_type=\"widget\" data-settings=\"{&quot;_animation&quot;:&quot;fadeInUp&quot;}\" data-widget_type=\"heading.default\">\n\t\t\t\t\t<h2 class=\"elementor-heading-title elementor-size-default\">Autunno \u2013 T\u00f6rggelen, momenti di citt\u00e0 e colori caldi<\/h2>\t\t\t\t<\/div>\n\t\t\t\t\t<\/div>\n\t\t\t\t<\/div>\n\t\t<div class=\"elementor-element elementor-element-b49c600 animated-slow e-flex e-con-boxed elementor-invisible e-con e-parent\" data-id=\"b49c600\" data-element_type=\"container\" data-settings=\"{&quot;animation&quot;:&quot;fadeIn&quot;}\">\n\t\t\t\t\t<div class=\"e-con-inner\">\n\t\t\t\t<div class=\"elementor-element elementor-element-9cb56b7 elementor-widget elementor-widget-text-editor\" data-id=\"9cb56b7\" data-element_type=\"widget\" data-widget_type=\"text-editor.default\">\n\t\t\t\t\t\t\t\t\t<p>Quando i versanti si accendono di oro e rosso, in Valle Isarco inizia la stagione pi\u00f9 golosa. Su facili sentieri tra Bressanone e i paesi vicini si raggiungono i tradizionali Buschenschank: durante il T\u00f6rggelen arrivano in tavola vino nuovo, castagne arrostite e specialit\u00e0 regionali. In citt\u00e0, il Mercato del Pane e dello Strudel dell\u2019Alto Adige in Piazza Duomo aggiunge un tocco speciale: si svolge solo in un unico weekend di ottobre, con tanta arte bianca locale e profumo di strudel. Tra sentieri panoramici, degustazioni e serate suggestive, l\u2019autunno mostra quanto siano vicine natura e citt\u00e0 a Bressanone.<\/p>\n\t\t\t\t\t\t\t\t<\/div>\n\t\t\t\t\t<\/div>\n\t\t\t\t<\/div>\n\t\t<div class=\"elementor-element elementor-element-62e19ca animated-slow e-flex e-con-boxed elementor-invisible e-con e-parent\" data-id=\"62e19ca\" data-element_type=\"container\" data-settings=\"{&quot;background_background&quot;:&quot;classic&quot;,&quot;animation&quot;:&quot;fadeIn&quot;}\">\n\t\t\t\t\t<div class=\"e-con-inner\">\n\t\t\t\t<div class=\"elementor-element elementor-element-4e39973 elementor-invisible elementor-widget elementor-widget-heading\" data-id=\"4e39973\" data-element_type=\"widget\" data-settings=\"{&quot;_animation&quot;:&quot;fadeInUp&quot;}\" data-widget_type=\"heading.default\">\n\t\t\t\t\t<h2 class=\"elementor-heading-title elementor-size-default\">Inverno \u2013 Mercatino di natale, cultura e avvio della stagione sciistica a Bressanone<\/h2>\t\t\t\t<\/div>\n\t\t\t\t\t<\/div>\n\t\t\t\t<\/div>\n\t\t<div class=\"elementor-element elementor-element-5e72428 animated-slow e-flex e-con-boxed elementor-invisible e-con e-parent\" data-id=\"5e72428\" data-element_type=\"container\" data-settings=\"{&quot;animation&quot;:&quot;fadeIn&quot;}\">\n\t\t\t\t\t<div class=\"e-con-inner\">\n\t\t\t\t<div class=\"elementor-element elementor-element-c9d6d4b elementor-widget elementor-widget-text-editor\" data-id=\"c9d6d4b\" data-element_type=\"widget\" data-widget_type=\"text-editor.default\">\n\t\t\t\t\t\t\t\t\t<p>In inverno il centro storico \u00e8 allo stesso tempo suggestivo e tranquillo. Il <span style=\"text-decoration: underline;\"><a href=\"https:\/\/www.brixen.org\/weihnachten\/natale\/mercatino-di-natale-bressanone\">Mercatino di Natale di Bressanone<\/a><\/span>\u00a0illumina vicoli e piazze con una luce calda, con artigianato, musica e specialit\u00e0 tipiche. Chi cerca cultura visita musei ed esposizioni; chi preferisce l\u2019aria aperta inaugura <span style=\"text-decoration: underline;\"><a href=\"https:\/\/www.plose.org\/it\/\">la stagione sciistica sulla Plose<\/a><\/span> e gode di ampie vedute sulla valle. Poi una passeggiata tra le vie illuminate, magari un vin brul\u00e9 per scaldarsi, e la serata si chiude con la stessa atmosfera accogliente che appartiene all\u2019inverno in montagna.<\/p>\n\t\t\t\t\t\t\t\t<\/div>\n\t\t\t\t\t<\/div>\n\t\t\t\t<\/div>\n\t\t\t\t<\/div>\n\t\t","protected":false},"excerpt":{"rendered":"<p>Quattro motivi per scegliere il Badhaus Tra Piazza Duomo e Ponte Aquila si trova il vostro punto di partenza per ogni stagione: il Boutique Hotel Badhaus. Architettura con storia, nel cuore del centro storico, con garage privato \u2013 e il meglio di Bressanone proprio davanti alla porta. Con la BrixenCard si aprono le vie verso [&hellip;]<\/p>\n","protected":false},"author":1,"featured_media":3085,"parent":1294,"menu_order":0,"comment_status":"closed","ping_status":"closed","template":"","meta":{"_acf_changed":false,"footnotes":""},"class_list":["post-3131","page","type-page","status-publish","has-post-thumbnail","hentry"],"acf":[],"yoast_head":"<!-- This site is optimized with the Yoast SEO plugin v26.5 - https:\/\/yoast.com\/wordpress\/plugins\/seo\/ -->\n<title>Stagioni a Bressanone | Badhaus Boutique Hotel Alto Adige<\/title>\n<meta name=\"description\" content=\"Le quattro stagioni a Bressanone: centro storico, Plose, natura e sapori della Valle Isarco. Il Badhaus \u00e8 il punto di partenza ideale per cultura ed escursioni.\" \/>\n<meta name=\"robots\" content=\"noindex, follow, max-snippet:-1, max-image-preview:large, max-video-preview:-1\" \/>\n<meta property=\"og:locale\" content=\"it_IT\" \/>\n<meta property=\"og:type\" content=\"article\" \/>\n<meta property=\"og:title\" content=\"Stagioni a Bressanone | Badhaus Boutique Hotel Alto Adige\" \/>\n<meta property=\"og:description\" content=\"Le quattro stagioni a Bressanone: centro storico, Plose, natura e sapori della Valle Isarco. Il Badhaus \u00e8 il punto di partenza ideale per cultura ed escursioni.\" \/>\n<meta property=\"og:url\" content=\"https:\/\/staging.badhaus.it\/it\/il-punto-di-partenza-ideale-per-scoprire-bressanone-e-i-suoi-dintorni\/le-stagioni\/\" \/>\n<meta property=\"og:site_name\" content=\"Boutique Hotel Badhaus\" \/>\n<meta property=\"article:modified_time\" content=\"2025-11-21T11:25:50+00:00\" \/>\n<meta property=\"og:image\" content=\"https:\/\/staging.badhaus.it\/wp-content\/uploads\/2025\/11\/Toerggelesteig-in-Neustift-c-Brixen-Tourismus_Alex-Filz-opt-1024x682.jpg\" \/>\n<meta name=\"twitter:card\" content=\"summary_large_image\" \/>\n<meta name=\"twitter:title\" content=\"Stagioni a Bressanone | Badhaus Boutique Hotel Alto Adige\" \/>\n<meta name=\"twitter:description\" content=\"Le quattro stagioni a Bressanone: centro storico, Plose, natura e sapori della Valle Isarco. Il Badhaus \u00e8 il punto di partenza ideale per cultura ed escursioni.\" \/>\n<meta name=\"twitter:image\" content=\"https:\/\/staging.badhaus.it\/wp-content\/uploads\/2025\/11\/Toerggelesteig-in-Neustift-c-Brixen-Tourismus_Alex-Filz-opt-1024x682.jpg\" \/>\n<meta name=\"twitter:label1\" content=\"Tempo di lettura stimato\" \/>\n\t<meta name=\"twitter:data1\" content=\"2 minuti\" \/>\n<script type=\"application\/ld+json\" class=\"yoast-schema-graph\">{\"@context\":\"https:\/\/schema.org\",\"@graph\":[{\"@type\":\"WebPage\",\"@id\":\"https:\/\/staging.badhaus.it\/it\/il-punto-di-partenza-ideale-per-scoprire-bressanone-e-i-suoi-dintorni\/le-stagioni\/\",\"url\":\"https:\/\/staging.badhaus.it\/it\/il-punto-di-partenza-ideale-per-scoprire-bressanone-e-i-suoi-dintorni\/le-stagioni\/\",\"name\":\"Stagioni a Bressanone | Badhaus Boutique Hotel Alto Adige\",\"isPartOf\":{\"@id\":\"https:\/\/staging.badhaus.it\/it\/#website\"},\"primaryImageOfPage\":{\"@id\":\"https:\/\/staging.badhaus.it\/it\/il-punto-di-partenza-ideale-per-scoprire-bressanone-e-i-suoi-dintorni\/le-stagioni\/#primaryimage\"},\"image\":{\"@id\":\"https:\/\/staging.badhaus.it\/it\/il-punto-di-partenza-ideale-per-scoprire-bressanone-e-i-suoi-dintorni\/le-stagioni\/#primaryimage\"},\"thumbnailUrl\":\"https:\/\/staging.badhaus.it\/wp-content\/uploads\/2025\/11\/c-alex-filz_brixen-tourismus_wein-herbst-1_40881521453_opt.jpg\",\"datePublished\":\"2025-11-17T11:13:23+00:00\",\"dateModified\":\"2025-11-21T11:25:50+00:00\",\"description\":\"Le quattro stagioni a Bressanone: centro storico, Plose, natura e sapori della Valle Isarco. Il Badhaus \u00e8 il punto di partenza ideale per cultura ed escursioni.\",\"breadcrumb\":{\"@id\":\"https:\/\/staging.badhaus.it\/it\/il-punto-di-partenza-ideale-per-scoprire-bressanone-e-i-suoi-dintorni\/le-stagioni\/#breadcrumb\"},\"inLanguage\":\"it-IT\",\"potentialAction\":[{\"@type\":\"ReadAction\",\"target\":[\"https:\/\/staging.badhaus.it\/it\/il-punto-di-partenza-ideale-per-scoprire-bressanone-e-i-suoi-dintorni\/le-stagioni\/\"]}]},{\"@type\":\"ImageObject\",\"inLanguage\":\"it-IT\",\"@id\":\"https:\/\/staging.badhaus.it\/it\/il-punto-di-partenza-ideale-per-scoprire-bressanone-e-i-suoi-dintorni\/le-stagioni\/#primaryimage\",\"url\":\"https:\/\/staging.badhaus.it\/wp-content\/uploads\/2025\/11\/c-alex-filz_brixen-tourismus_wein-herbst-1_40881521453_opt.jpg\",\"contentUrl\":\"https:\/\/staging.badhaus.it\/wp-content\/uploads\/2025\/11\/c-alex-filz_brixen-tourismus_wein-herbst-1_40881521453_opt.jpg\",\"width\":1920,\"height\":1278},{\"@type\":\"BreadcrumbList\",\"@id\":\"https:\/\/staging.badhaus.it\/it\/il-punto-di-partenza-ideale-per-scoprire-bressanone-e-i-suoi-dintorni\/le-stagioni\/#breadcrumb\",\"itemListElement\":[{\"@type\":\"ListItem\",\"position\":1,\"name\":\"Home\",\"item\":\"https:\/\/staging.badhaus.it\/it\/\"},{\"@type\":\"ListItem\",\"position\":2,\"name\":\"Scoprire Bressanone\",\"item\":\"https:\/\/staging.badhaus.it\/it\/der-ideale-ausgangspunkt-um-die-stadt-brixen-und-ihre-umgebung-zu-entdecken\/\"},{\"@type\":\"ListItem\",\"position\":3,\"name\":\"Le stagioni\"}]},{\"@type\":\"WebSite\",\"@id\":\"https:\/\/staging.badhaus.it\/it\/#website\",\"url\":\"https:\/\/staging.badhaus.it\/it\/\",\"name\":\"Boutique Hotel Badhaus\",\"description\":\"\",\"publisher\":{\"@id\":\"https:\/\/staging.badhaus.it\/it\/#organization\"},\"potentialAction\":[{\"@type\":\"SearchAction\",\"target\":{\"@type\":\"EntryPoint\",\"urlTemplate\":\"https:\/\/staging.badhaus.it\/it\/?s={search_term_string}\"},\"query-input\":{\"@type\":\"PropertyValueSpecification\",\"valueRequired\":true,\"valueName\":\"search_term_string\"}}],\"inLanguage\":\"it-IT\"},{\"@type\":\"Organization\",\"@id\":\"https:\/\/staging.badhaus.it\/it\/#organization\",\"name\":\"Boutique Hotel Badhaus\",\"url\":\"https:\/\/staging.badhaus.it\/it\/\",\"logo\":{\"@type\":\"ImageObject\",\"inLanguage\":\"it-IT\",\"@id\":\"https:\/\/staging.badhaus.it\/it\/#\/schema\/logo\/image\/\",\"url\":\"https:\/\/staging.badhaus.it\/wp-content\/uploads\/2025\/04\/bh-logo-white-horizontal.svg\",\"contentUrl\":\"https:\/\/staging.badhaus.it\/wp-content\/uploads\/2025\/04\/bh-logo-white-horizontal.svg\",\"width\":229,\"height\":29,\"caption\":\"Boutique Hotel Badhaus\"},\"image\":{\"@id\":\"https:\/\/staging.badhaus.it\/it\/#\/schema\/logo\/image\/\"}}]}<\/script>\n<!-- \/ Yoast SEO plugin. -->","yoast_head_json":{"title":"Stagioni a Bressanone | Badhaus Boutique Hotel Alto Adige","description":"Le quattro stagioni a Bressanone: centro storico, Plose, natura e sapori della Valle Isarco. Il Badhaus \u00e8 il punto di partenza ideale per cultura ed escursioni.","robots":{"index":"noindex","follow":"follow","max-snippet":"max-snippet:-1","max-image-preview":"max-image-preview:large","max-video-preview":"max-video-preview:-1"},"og_locale":"it_IT","og_type":"article","og_title":"Stagioni a Bressanone | Badhaus Boutique Hotel Alto Adige","og_description":"Le quattro stagioni a Bressanone: centro storico, Plose, natura e sapori della Valle Isarco. Il Badhaus \u00e8 il punto di partenza ideale per cultura ed escursioni.","og_url":"https:\/\/staging.badhaus.it\/it\/il-punto-di-partenza-ideale-per-scoprire-bressanone-e-i-suoi-dintorni\/le-stagioni\/","og_site_name":"Boutique Hotel Badhaus","article_modified_time":"2025-11-21T11:25:50+00:00","og_image":[{"url":"https:\/\/staging.badhaus.it\/wp-content\/uploads\/2025\/11\/Toerggelesteig-in-Neustift-c-Brixen-Tourismus_Alex-Filz-opt-1024x682.jpg","type":"","width":"","height":""}],"twitter_card":"summary_large_image","twitter_title":"Stagioni a Bressanone | Badhaus Boutique Hotel Alto Adige","twitter_description":"Le quattro stagioni a Bressanone: centro storico, Plose, natura e sapori della Valle Isarco. Il Badhaus \u00e8 il punto di partenza ideale per cultura ed escursioni.","twitter_image":"https:\/\/staging.badhaus.it\/wp-content\/uploads\/2025\/11\/Toerggelesteig-in-Neustift-c-Brixen-Tourismus_Alex-Filz-opt-1024x682.jpg","twitter_misc":{"Tempo di lettura stimato":"2 minuti"},"schema":{"@context":"https:\/\/schema.org","@graph":[{"@type":"WebPage","@id":"https:\/\/staging.badhaus.it\/it\/il-punto-di-partenza-ideale-per-scoprire-bressanone-e-i-suoi-dintorni\/le-stagioni\/","url":"https:\/\/staging.badhaus.it\/it\/il-punto-di-partenza-ideale-per-scoprire-bressanone-e-i-suoi-dintorni\/le-stagioni\/","name":"Stagioni a Bressanone | Badhaus Boutique Hotel Alto Adige","isPartOf":{"@id":"https:\/\/staging.badhaus.it\/it\/#website"},"primaryImageOfPage":{"@id":"https:\/\/staging.badhaus.it\/it\/il-punto-di-partenza-ideale-per-scoprire-bressanone-e-i-suoi-dintorni\/le-stagioni\/#primaryimage"},"image":{"@id":"https:\/\/staging.badhaus.it\/it\/il-punto-di-partenza-ideale-per-scoprire-bressanone-e-i-suoi-dintorni\/le-stagioni\/#primaryimage"},"thumbnailUrl":"https:\/\/staging.badhaus.it\/wp-content\/uploads\/2025\/11\/c-alex-filz_brixen-tourismus_wein-herbst-1_40881521453_opt.jpg","datePublished":"2025-11-17T11:13:23+00:00","dateModified":"2025-11-21T11:25:50+00:00","description":"Le quattro stagioni a Bressanone: centro storico, Plose, natura e sapori della Valle Isarco. Il Badhaus \u00e8 il punto di partenza ideale per cultura ed escursioni.","breadcrumb":{"@id":"https:\/\/staging.badhaus.it\/it\/il-punto-di-partenza-ideale-per-scoprire-bressanone-e-i-suoi-dintorni\/le-stagioni\/#breadcrumb"},"inLanguage":"it-IT","potentialAction":[{"@type":"ReadAction","target":["https:\/\/staging.badhaus.it\/it\/il-punto-di-partenza-ideale-per-scoprire-bressanone-e-i-suoi-dintorni\/le-stagioni\/"]}]},{"@type":"ImageObject","inLanguage":"it-IT","@id":"https:\/\/staging.badhaus.it\/it\/il-punto-di-partenza-ideale-per-scoprire-bressanone-e-i-suoi-dintorni\/le-stagioni\/#primaryimage","url":"https:\/\/staging.badhaus.it\/wp-content\/uploads\/2025\/11\/c-alex-filz_brixen-tourismus_wein-herbst-1_40881521453_opt.jpg","contentUrl":"https:\/\/staging.badhaus.it\/wp-content\/uploads\/2025\/11\/c-alex-filz_brixen-tourismus_wein-herbst-1_40881521453_opt.jpg","width":1920,"height":1278},{"@type":"BreadcrumbList","@id":"https:\/\/staging.badhaus.it\/it\/il-punto-di-partenza-ideale-per-scoprire-bressanone-e-i-suoi-dintorni\/le-stagioni\/#breadcrumb","itemListElement":[{"@type":"ListItem","position":1,"name":"Home","item":"https:\/\/staging.badhaus.it\/it\/"},{"@type":"ListItem","position":2,"name":"Scoprire Bressanone","item":"https:\/\/staging.badhaus.it\/it\/der-ideale-ausgangspunkt-um-die-stadt-brixen-und-ihre-umgebung-zu-entdecken\/"},{"@type":"ListItem","position":3,"name":"Le stagioni"}]},{"@type":"WebSite","@id":"https:\/\/staging.badhaus.it\/it\/#website","url":"https:\/\/staging.badhaus.it\/it\/","name":"Boutique Hotel Badhaus","description":"","publisher":{"@id":"https:\/\/staging.badhaus.it\/it\/#organization"},"potentialAction":[{"@type":"SearchAction","target":{"@type":"EntryPoint","urlTemplate":"https:\/\/staging.badhaus.it\/it\/?s={search_term_string}"},"query-input":{"@type":"PropertyValueSpecification","valueRequired":true,"valueName":"search_term_string"}}],"inLanguage":"it-IT"},{"@type":"Organization","@id":"https:\/\/staging.badhaus.it\/it\/#organization","name":"Boutique Hotel Badhaus","url":"https:\/\/staging.badhaus.it\/it\/","logo":{"@type":"ImageObject","inLanguage":"it-IT","@id":"https:\/\/staging.badhaus.it\/it\/#\/schema\/logo\/image\/","url":"https:\/\/staging.badhaus.it\/wp-content\/uploads\/2025\/04\/bh-logo-white-horizontal.svg","contentUrl":"https:\/\/staging.badhaus.it\/wp-content\/uploads\/2025\/04\/bh-logo-white-horizontal.svg","width":229,"height":29,"caption":"Boutique Hotel Badhaus"},"image":{"@id":"https:\/\/staging.badhaus.it\/it\/#\/schema\/logo\/image\/"}}]}},"_links":{"self":[{"href":"https:\/\/staging.badhaus.it\/it\/wp-json\/wp\/v2\/pages\/3131","targetHints":{"allow":["GET"]}}],"collection":[{"href":"https:\/\/staging.badhaus.it\/it\/wp-json\/wp\/v2\/pages"}],"about":[{"href":"https:\/\/staging.badhaus.it\/it\/wp-json\/wp\/v2\/types\/page"}],"author":[{"embeddable":true,"href":"https:\/\/staging.badhaus.it\/it\/wp-json\/wp\/v2\/users\/1"}],"replies":[{"embeddable":true,"href":"https:\/\/staging.badhaus.it\/it\/wp-json\/wp\/v2\/comments?post=3131"}],"version-history":[{"count":4,"href":"https:\/\/staging.badhaus.it\/it\/wp-json\/wp\/v2\/pages\/3131\/revisions"}],"predecessor-version":[{"id":3160,"href":"https:\/\/staging.badhaus.it\/it\/wp-json\/wp\/v2\/pages\/3131\/revisions\/3160"}],"up":[{"embeddable":true,"href":"https:\/\/staging.badhaus.it\/it\/wp-json\/wp\/v2\/pages\/1294"}],"wp:featuredmedia":[{"embeddable":true,"href":"https:\/\/staging.badhaus.it\/it\/wp-json\/wp\/v2\/media\/3085"}],"wp:attachment":[{"href":"https:\/\/staging.badhaus.it\/it\/wp-json\/wp\/v2\/media?parent=3131"}],"curies":[{"name":"wp","href":"https:\/\/api.w.org\/{rel}","templated":true}]}}